{"id":194,"date":"2023-02-22T22:46:13","date_gmt":"2023-02-22T21:46:13","guid":{"rendered":"http:\/\/prirodnizahrada.cz\/?page_id=194"},"modified":"2026-02-22T15:49:13","modified_gmt":"2026-02-22T14:49:13","slug":"kontakt","status":"publish","type":"page","link":"https:\/\/prirodnizahrada.cz\/?page_id=194","title":{"rendered":"Kontakt"},"content":{"rendered":"<style>\/*! elementor - v3.11.2 - 22-02-2023 *\/\n.elementor-heading-title{padding:0;margin:0;line-height:1}.elementor-widget-heading .elementor-heading-title[class*=elementor-size-]>a{color:inherit;font-size:inherit;line-height:inherit}.elementor-widget-heading .elementor-heading-title.elementor-size-small{font-size:15px}.elementor-widget-heading .elementor-heading-title.elementor-size-medium{font-size:19px}.elementor-widget-heading .elementor-heading-title.elementor-size-large{font-size:29px}.elementor-widget-heading .elementor-heading-title.elementor-size-xl{font-size:39px}.elementor-widget-heading .elementor-heading-title.elementor-size-xxl{font-size:59px}<\/style>\n<h1>kontakt<\/h1>\n<h4>Ozv\u011bte se mi<\/h4>\n<link rel=\"stylesheet\" href=\"http:\/\/prirodnizahrada.cz\/wp-content\/plugins\/elementor\/assets\/css\/widget-icon-box.min.css\">\n<h6>\n\t\t\t\t\t\tEMAIL<br \/>\n\t\t\t\t<\/h6>\n<p>\n\t\t\t\t\t\tpetra@prirodnizahrada.cz\t\t\t\t\t<\/p>\n<h6>\n\t\t\t\t\t\tTELEFONN\u00cd \u010c\u00cdSLO<br \/>\n\t\t\t\t<\/h6>\n<p>\n\t\t\t\t\t\t+420 602 247 773\t\t\t\t\t<\/p>\n<h6>\n\t\t\t\t\t\tM\u00c9 POZEMKY<br \/>\n\t\t\t\t<\/h6>\n<p>\n\t\t\t\t\t\tLys\u00e1 nad Labem, Skalka u Doks\t\t\t\t\t<\/p>\n<h6>\n\t\t\t\t\t\tDAL\u0160\u00cd KONTAKY<br \/>\n\t\t\t\t<\/h6>\n<p>\n\t\t\t\t\t\tFacebook, Gengel &#8211; uchov\u00e1n\u00ed sem\u00ednek &#8211; moje nab\u00eddka, Port\u00e1l Nau\u010dmese &#8211; m\u00e9 online kurzy (viz odkazy n\u00ed\u017ee)\t\t\t\t\t<\/p>\n<style>\/*! elementor - v3.11.2 - 22-02-2023 *\/\n.elementor-widget-social-icons.elementor-grid-0 .elementor-widget-container,.elementor-widget-social-icons.elementor-grid-mobile-0 .elementor-widget-container,.elementor-widget-social-icons.elementor-grid-tablet-0 .elementor-widget-container{line-height:1;font-size:0}.elementor-widget-social-icons:not(.elementor-grid-0):not(.elementor-grid-tablet-0):not(.elementor-grid-mobile-0) .elementor-grid{display:inline-grid}.elementor-widget-social-icons .elementor-grid{grid-column-gap:var(--grid-column-gap,5px);grid-row-gap:var(--grid-row-gap,5px);grid-template-columns:var(--grid-template-columns);justify-content:var(--justify-content,center);justify-items:var(--justify-content,center)}.elementor-icon.elementor-social-icon{font-size:var(--icon-size,25px);line-height:var(--icon-size,25px);width:calc(var(--icon-size, 25px) + (2 * var(--icon-padding, .5em)));height:calc(var(--icon-size, 25px) + (2 * var(--icon-padding, .5em)))}.elementor-social-icon{--e-social-icon-icon-color:#fff;display:inline-flex;background-color:#818a91;align-items:center;justify-content:center;text-align:center;cursor:pointer}.elementor-social-icon i{color:var(--e-social-icon-icon-color)}.elementor-social-icon svg{fill:var(--e-social-icon-icon-color)}.elementor-social-icon:last-child{margin:0}.elementor-social-icon:hover{opacity:.9;color:#fff}.elementor-social-icon-android{background-color:#a4c639}.elementor-social-icon-apple{background-color:#999}.elementor-social-icon-behance{background-color:#1769ff}.elementor-social-icon-bitbucket{background-color:#205081}.elementor-social-icon-codepen{background-color:#000}.elementor-social-icon-delicious{background-color:#39f}.elementor-social-icon-deviantart{background-color:#05cc47}.elementor-social-icon-digg{background-color:#005be2}.elementor-social-icon-dribbble{background-color:#ea4c89}.elementor-social-icon-elementor{background-color:#d30c5c}.elementor-social-icon-envelope{background-color:#ea4335}.elementor-social-icon-facebook,.elementor-social-icon-facebook-f{background-color:#3b5998}.elementor-social-icon-flickr{background-color:#0063dc}.elementor-social-icon-foursquare{background-color:#2d5be3}.elementor-social-icon-free-code-camp,.elementor-social-icon-freecodecamp{background-color:#006400}.elementor-social-icon-github{background-color:#333}.elementor-social-icon-gitlab{background-color:#e24329}.elementor-social-icon-globe{background-color:#818a91}.elementor-social-icon-google-plus,.elementor-social-icon-google-plus-g{background-color:#dd4b39}.elementor-social-icon-houzz{background-color:#7ac142}.elementor-social-icon-instagram{background-color:#262626}.elementor-social-icon-jsfiddle{background-color:#487aa2}.elementor-social-icon-link{background-color:#818a91}.elementor-social-icon-linkedin,.elementor-social-icon-linkedin-in{background-color:#0077b5}.elementor-social-icon-medium{background-color:#00ab6b}.elementor-social-icon-meetup{background-color:#ec1c40}.elementor-social-icon-mixcloud{background-color:#273a4b}.elementor-social-icon-odnoklassniki{background-color:#f4731c}.elementor-social-icon-pinterest{background-color:#bd081c}.elementor-social-icon-product-hunt{background-color:#da552f}.elementor-social-icon-reddit{background-color:#ff4500}.elementor-social-icon-rss{background-color:#f26522}.elementor-social-icon-shopping-cart{background-color:#4caf50}.elementor-social-icon-skype{background-color:#00aff0}.elementor-social-icon-slideshare{background-color:#0077b5}.elementor-social-icon-snapchat{background-color:#fffc00}.elementor-social-icon-soundcloud{background-color:#f80}.elementor-social-icon-spotify{background-color:#2ebd59}.elementor-social-icon-stack-overflow{background-color:#fe7a15}.elementor-social-icon-steam{background-color:#00adee}.elementor-social-icon-stumbleupon{background-color:#eb4924}.elementor-social-icon-telegram{background-color:#2ca5e0}.elementor-social-icon-thumb-tack{background-color:#1aa1d8}.elementor-social-icon-tripadvisor{background-color:#589442}.elementor-social-icon-tumblr{background-color:#35465c}.elementor-social-icon-twitch{background-color:#6441a5}.elementor-social-icon-twitter{background-color:#1da1f2}.elementor-social-icon-viber{background-color:#665cac}.elementor-social-icon-vimeo{background-color:#1ab7ea}.elementor-social-icon-vk{background-color:#45668e}.elementor-social-icon-weibo{background-color:#dd2430}.elementor-social-icon-weixin{background-color:#31a918}.elementor-social-icon-whatsapp{background-color:#25d366}.elementor-social-icon-wordpress{background-color:#21759b}.elementor-social-icon-xing{background-color:#026466}.elementor-social-icon-yelp{background-color:#af0606}.elementor-social-icon-youtube{background-color:#cd201f}.elementor-social-icon-500px{background-color:#0099e5}.elementor-shape-rounded .elementor-icon.elementor-social-icon{border-radius:10%}.elementor-shape-circle .elementor-icon.elementor-social-icon{border-radius:50%}<\/style>\n<p>\t\t\t\t\t<a href=\"https:\/\/www.facebook.com\/petra.vodenkova\/\"><br \/>\n\t\t\t\t\t\tFacebook<br \/>\n\t\t\t\t\t\t\t\t\t\t\t<\/a><br \/>\n\t\t\t\t\t<a href=\"mailto:%20petra@prirodnizahrada.cz\"><br \/>\n\t\t\t\t\t\tEnvelope<br \/>\n\t\t\t\t\t\t\t\t\t\t\t<\/a><br \/>\n\t\t\t\t\t<a href=\"http:\/\/gengel.cz\/97__uchovatel-pv-289-22\" target=\"_blank\" rel=\"noopener\"><br \/>\n\t\t\t\t\t\tSeedling<br \/>\n\t\t\t\t\t\t\t\t\t\t\t<\/a><br \/>\n\t\t\t\t\t<a href=\"https:\/\/www.naucmese.cz\/petra-vodenkova\" target=\"_blank\" rel=\"noopener\"><br \/>\n\t\t\t\t\t\tBook<br \/>\n\t\t\t\t\t\t\t\t\t\t\t<\/a><\/p>\n<h4>Kde se m\u016f\u017eeme potkat<\/h4>\n<h6>\n\t\t\t\t\t<a href=\"https:\/\/www.naucmese.cz\/petra-vodenkova\" ><br \/>\n\t\t\t\t\t\tONLINE KURZY\t\t\t\t\t<\/a><br \/>\n\t\t\t\t<\/h6>\n<p>\n\t\t\t\t\t\tPort\u00e1l nau\u010dme.se &#8211; kurzy Jedl\u00e9 trvalky v p\u0159\u00edrodn\u00ed zahrad\u011b, \u00daroda od kv\u011btna do listopadu &#8211; d\u0159eviny, Prohl\u00eddka 20 let\u00e9 jedl\u00e9 p\u0159\u00edrodn\u00ed zahrady s prvky permakultury\t\t\t\t\t<\/p>\n<h6>\n\t\t\t\t\t<a href=\"http:\/\/www.ekocentrumvratkov.cz\/akce\" ><br \/>\n\t\t\t\t\t\t\u017dIV\u00c9 AKCE\t\t\t\t\t<\/a><br \/>\n\t\t\t\t<\/h6>\n<p>\n\t\t\t\t\t\tEkocentrum Vr\u00e1tkov &#8211; p\u0159edn\u00e1\u0161ka Netradi\u010dn\u00ed plod\u00edc\u00ed d\u0159eviny v zahrad\u011b\t\t\t\t\t<\/p>\n<style>\/*! elementor - v3.11.2 - 22-02-2023 *\/\n.elementor-widget-image{text-align:center}.elementor-widget-image a{display:inline-block}.elementor-widget-image a img[src$=\".svg\"]{width:48px}.elementor-widget-image img{vertical-align:middle;display:inline-block}<\/style>\n<p>\t\t\t\t\t\t\t\t\t\t\t\t<img loading=\"lazy\" decoding=\"async\" width=\"500\" height=\"500\" src=\"http:\/\/prirodnizahrada.cz\/wp-content\/uploads\/2023\/02\/02.png\" alt=\"\" loading=\"lazy\" srcset=\"http:\/\/prirodnizahrada.cz\/wp-content\/uploads\/2023\/02\/02.png 500w, http:\/\/prirodnizahrada.cz\/wp-content\/uploads\/2023\/02\/02-300x300.png 300w, http:\/\/prirodnizahrada.cz\/wp-content\/uploads\/2023\/02\/02-150x150.png 150w\" sizes=\"auto, (max-width: 500px) 100vw, 500px\" \/>\t\t\t\t\t\t\t\t\t\t\t\t\t\t\t<\/p>\n<h3>Pus\u0165te p\u0159\u00edrodu na Va\u0161i zahradu a nechte ji pracovat za v\u00e1s, p\u0159ijm\u011bte jej\u00ed bohatstv\u00ed v\u016fn\u00ed, barev, chut\u00ed a l\u00e9\u010div\u00e9 s\u00edly. D\u016fv\u011b\u0159ujte j\u00ed a vyu\u017eijte jej\u00ed inteligenci ve sv\u016fj prosp\u011bch.<\/h3>\n<p>Petra Vodenkov\u00e1<\/p>\n<h4>Chcete jedlou p\u0159\u00edrodn\u00ed zahradu? <\/h4>\n<h5>Nebo jedlou p\u0159edn\u00e1\u0161ku? P\u0159\u00edrodn\u00ed p\u0159edn\u00e1\u0161ku? Certifikaci? Konzultaci v p\u0159\u00edrod\u011b? Od v\u0161eho trochu?<\/h5>\n<p>Jedl\u00e9 p\u0159\u00edrodn\u00ed zahrady jsou prost\u011b &#8222;moje&#8220;. R\u00e1da v\u00e1m porad\u00edm s tvorbou cel\u00e9 zahrady nebo jednoho z\u00e1honu. Uspo\u0159\u00e1d\u00e1m p\u0159edn\u00e1\u0161ku dle sv\u00fdch t\u00e9mat nebo na m\u00edru va\u0161im pot\u0159eb\u00e1m. P\u0159ijedu certifikovat va\u0161i zahradu nebo porad\u00edm, jak takovou zahradu vytvo\u0159it.<\/p>\n<p>\t\t\t<a href=\"mailto:%20petra@prirodnizahrada.cz\" role=\"button\"><br \/>\n\t\t\t\t\t\tOzv\u011bte se mi, t\u011b\u0161\u00edm se na spolupr\u00e1ci \ud83d\ude42<br \/>\n\t\t\t\t\t<\/a><br \/>\n\t\t\t\t\t\t\t\t\t\t\t\t\t\t\t<img loading=\"lazy\" decoding=\"async\" width=\"1718\" height=\"1861\" src=\"http:\/\/prirodnizahrada.cz\/wp-content\/uploads\/2023\/02\/20150607_090524_a.jpg\" alt=\"\" loading=\"lazy\" srcset=\"http:\/\/prirodnizahrada.cz\/wp-content\/uploads\/2023\/02\/20150607_090524_a.jpg 1718w, http:\/\/prirodnizahrada.cz\/wp-content\/uploads\/2023\/02\/20150607_090524_a-277x300.jpg 277w, http:\/\/prirodnizahrada.cz\/wp-content\/uploads\/2023\/02\/20150607_090524_a-945x1024.jpg 945w, http:\/\/prirodnizahrada.cz\/wp-content\/uploads\/2023\/02\/20150607_090524_a-768x832.jpg 768w, http:\/\/prirodnizahrada.cz\/wp-content\/uploads\/2023\/02\/20150607_090524_a-1418x1536.jpg 1418w\" sizes=\"auto, (max-width: 1718px) 100vw, 1718px\" \/><\/p>\n","protected":false},"excerpt":{"rendered":"<p>kontakt Ozv\u011bte se mi EMAIL petra@prirodnizahrada.cz TELEFONN\u00cd \u010c\u00cdSLO +420 602 247 773 M\u00c9 POZEMKY Lys\u00e1 nad Labem, Skalka u Doks DAL\u0160\u00cd KONTAKY Facebook, Gengel &#8211; uchov\u00e1n\u00ed sem\u00ednek &#8211; moje nab\u00eddka, Port\u00e1l Nau\u010dmese &#8211; m\u00e9 online kurzy (viz odkazy n\u00ed\u017ee) Facebook Envelope Seedling Book Kde se m\u016f\u017eeme potkat ONLINE KURZY Port\u00e1l nau\u010dme.se &#8211; kurzy Jedl\u00e9 trvalky &hellip;<\/p>\n<p class=\"read-more\"> <a class=\"\" href=\"https:\/\/prirodnizahrada.cz\/?page_id=194\"> <span class=\"screen-reader-text\">Kontakt<\/span> Pokra\u010dovat ve \u010dten\u00ed &raquo;<\/a><\/p>\n","protected":false},"author":1,"featured_media":0,"parent":0,"menu_order":0,"comment_status":"closed","ping_status":"closed","template":"","meta":{"site-sidebar-layout":"default","site-content-layout":"default","ast-global-header-display":"","ast-main-header-display":"","ast-hfb-above-header-display":"","ast-hfb-below-header-display":"","ast-hfb-mobile-header-display":"","site-post-title":"","ast-breadcrumbs-content":"","ast-featured-img":"","footer-sml-layout":"","theme-transparent-header-meta":"","adv-header-id-meta":"","stick-header-meta":"","header-above-stick-meta":"","header-main-stick-meta":"","header-below-stick-meta":"","footnotes":""},"class_list":["post-194","page","type-page","status-publish","hentry"],"_links":{"self":[{"href":"https:\/\/prirodnizahrada.cz\/index.php?rest_route=\/wp\/v2\/pages\/194","targetHints":{"allow":["GET"]}}],"collection":[{"href":"https:\/\/prirodnizahrada.cz\/index.php?rest_route=\/wp\/v2\/pages"}],"about":[{"href":"https:\/\/prirodnizahrada.cz\/index.php?rest_route=\/wp\/v2\/types\/page"}],"author":[{"embeddable":true,"href":"https:\/\/prirodnizahrada.cz\/index.php?rest_route=\/wp\/v2\/users\/1"}],"replies":[{"embeddable":true,"href":"https:\/\/prirodnizahrada.cz\/index.php?rest_route=%2Fwp%2Fv2%2Fcomments&post=194"}],"version-history":[{"count":49,"href":"https:\/\/prirodnizahrada.cz\/index.php?rest_route=\/wp\/v2\/pages\/194\/revisions"}],"predecessor-version":[{"id":655,"href":"https:\/\/prirodnizahrada.cz\/index.php?rest_route=\/wp\/v2\/pages\/194\/revisions\/655"}],"wp:attachment":[{"href":"https:\/\/prirodnizahrada.cz\/index.php?rest_route=%2Fwp%2Fv2%2Fmedia&parent=194"}],"curies":[{"name":"wp","href":"https:\/\/api.w.org\/{rel}","templated":true}]}}